{"id":3977,"date":"2019-01-19T00:27:29","date_gmt":"2019-01-18T23:27:29","guid":{"rendered":"https:\/\/water.ma\/?post_type=product&#038;p=3977"},"modified":"2019-01-19T00:27:29","modified_gmt":"2019-01-18T23:27:29","slug":"fontana-home-water-filter-with-pump-12l","status":"publish","type":"product","link":"https:\/\/water.ma\/en\/produit\/fontana-home-water-filter-with-pump-12l\/","title":{"rendered":"Fontana, Home Water Filter with Pump, 12L"},"content":{"rendered":"<div class=\"wpb-content-wrapper\"><p>[vc_row equal_height=&#8221;yes&#8221; content_placement=&#8221;middle&#8221; columns_height=&#8221;adjust_cols_height&#8221; css=&#8221;.vc_custom_1547388496043{background-position: center !important;background-repeat: no-repeat !important;background-size: cover !important;}&#8221; background_style=&#8221;normal&#8221;][vc_column css=&#8221;.vc_custom_1547388610325{padding-right: 8% !important;padding-left: 8% !important;background-color: #0054a0 !important;}&#8221; font_color=&#8221;#ffffff&#8221;][vc_column_text css=&#8221;.vc_custom_1546949006810{padding-top: 5% !important;padding-bottom: 5% !important;}&#8221;]<\/p>\n<h2 style=\"text-align: center;\"><span style=\"color: #ffffff;\">L\u2019eau de votre robinet comme vous ne l\u2019avez jamais bue<\/span><\/h2>\n<p style=\"text-align: center;\"><span style=\"color: #ffffff;\">avec le syst\u00e8me d&#8217;osmose inverse Fontana PUMP<\/span><\/p>\n<p>[\/vc_column_text][\/vc_column][\/vc_row][vc_row equal_height=&#8221;yes&#8221; content_placement=&#8221;middle&#8221; css=&#8221;.vc_custom_1455539610516{padding-right: 10% !important;padding-left: 10% !important;background-color: #f7f7f9 !important;}&#8221; background_style=&#8221;normal&#8221;][vc_column][vc_row_inner equal_height=&#8221;yes&#8221; content_placement=&#8221;middle&#8221;][vc_column_inner width=&#8221;1\/4&#8243; css=&#8221;.vc_custom_1455539497438{padding-top: 10% !important;padding-bottom: 10% !important;}&#8221;][vc_text_separator title=&#8221;Sant\u00e9&#8221; title_align=&#8221;separator_align_left&#8221; color=&#8221;custom&#8221; font_size=&#8221;23px&#8221; accent_color=&#8221;#222222&#8243;][vc_column_text css=&#8221;.vc_custom_1545737579755{margin-top: -30px !important;padding-right: 30px !important;padding-bottom: 10px !important;}&#8221;]Le filtre d&#8217;eau Fontana enl\u00e8ve les substances\u00a0nocives (chlore, pesticides, nitrates, mauvais go\u00fbt&#8230;) de votre eau du robinet, et ne garde que ce que vous voulez : une eau authentique, pure et de qualit\u00e9.[\/vc_column_text][vc_empty_space height=&#8221;30px&#8221;][vc_text_separator title=&#8221;Eau Pure&#8221; title_align=&#8221;separator_align_left&#8221; color=&#8221;custom&#8221; font_size=&#8221;23px&#8221; accent_color=&#8221;#222222&#8243;][vc_column_text css=&#8221;.vc_custom_1545737724671{margin-top: -30px !important;padding-right: 30px !important;padding-bottom: 10px !important;}&#8221;]Fontana, \u00e0 la pointe de la technologie en osmose inverse pour vous fournir l&#8217;eau purifi\u00e9e dont vous avez besoin pour boire d\u2019un verre d\u2019eau filtr\u00e9e, pr\u00e9parer votre caf\u00e9 et pour laver et cuire vos aliments.[\/vc_column_text][\/vc_column_inner][vc_column_inner width=&#8221;1\/2&#8243; css=&#8221;.vc_custom_1455539507645{padding-top: 0px !important;padding-right: 0px !important;padding-left: 0px !important;}&#8221;][vc_single_image image=&#8221;3227&#8243; img_size=&#8221;full&#8221; alignment=&#8221;center&#8221; css=&#8221;.vc_custom_1545741129782{margin-bottom: 0px !important;}&#8221;][\/vc_column_inner][vc_column_inner width=&#8221;1\/4&#8243; css=&#8221;.vc_custom_1455539534381{padding-top: 10% !important;padding-bottom: 10% !important;}&#8221;][vc_text_separator title=&#8221;Saveur&#8221; title_align=&#8221;separator_align_right&#8221; color=&#8221;custom&#8221; font_size=&#8221;23px&#8221; accent_color=&#8221;#222222&#8243;][vc_column_text css=&#8221;.vc_custom_1545738006712{margin-top: -30px !important;padding-bottom: 10px !important;padding-left: 30px !important;}&#8221;]<\/p>\n<p style=\"text-align: right;\">L&#8217;eau osmos\u00e9e est id\u00e9ale pour boire et pour cuisiner. Elle permet \u00e0 vos aliments de conserver leurs propri\u00e9t\u00e9s, leurs nutriments et toute leur saveur. L&#8217;eau filtr\u00e9e Fontana changer radicalement votre cuisine.<\/p>\n<p>[\/vc_column_text][vc_empty_space height=&#8221;30px&#8221;][vc_text_separator title=&#8221;Design Compact&#8221; title_align=&#8221;separator_align_right&#8221; color=&#8221;custom&#8221; font_size=&#8221;23px&#8221; accent_color=&#8221;#222222&#8243;][vc_column_text css=&#8221;.vc_custom_1545737780902{margin-top: -30px !important;padding-bottom: 10px !important;padding-left: 30px !important;}&#8221;]<\/p>\n<p style=\"text-align: right;\">Le design \u00e9l\u00e9gant, qui s&#8217;adapte parfaitement \u00e0 la maison moderne, et la conception compacte de l&#8217;osmoseur Fontana vous permet de l&#8217;installer facilement sous l&#8217;\u00e9vier de votre cuisine.<\/p>\n<p>[\/vc_column_text][\/vc_column_inner][\/vc_row_inner][\/vc_column][\/vc_row][vc_row css=&#8221;.vc_custom_1545745227251{padding-right: 10% !important;padding-left: 10% !important;}&#8221;][vc_column][vc_column_text]<\/p>\n<h3 style=\"text-align: center;\"><strong>Osmoseur inverse Fontana PUMP<\/strong><\/h3>\n<p>Un syst\u00e8me de filtration d&#8217;eau con\u00e7u et fabriqu\u00e9 avec une technologie de pointe. Le syst\u00e8me d&#8217;osmose inverse RO Fontana\u00a0supprime le chlore, les pesticides, les nitrates et les r\u00e9sidus m\u00e9dicamenteux pr\u00e9sents dans l\u2019eau que vous buvez. Il ne\u00a0garde qu&#8217;une eau authentique, pure et de qualit\u00e9.<\/p>\n<p>Fontana vous lib\u00e8re aussi des achats et stockage d\u2019eau en bouteille et vous permet de r\u00e9alisez d&#8217;\u00e9normes \u00e9conomies.<\/p>\n<p>L\u2019osmoseur Fontana s\u2019installe facilement sous l\u2019\u00e9vier de votre cuisine et s&#8217;adapte \u00e0 vos besoins pour vous fournir une eau filtr\u00e9e et pure \u00e0 la demande.[\/vc_column_text][vc_column_text]<\/p>\n<h3 style=\"text-align: center;\"><strong>Fontana PUMP, avec pompe\u00a0+ R\u00e9servoir 12L<\/strong><\/h3>\n<p>Fontana permet une filtration en 5 \u00e9tapes (pr\u00e9-filtration 5 \u03bcm, charbon actif GAC, charbon BLOC, membrane et post-filtre remin\u00e9ralisant).<\/p>\n<ul>\n<li>Pr\u00e9filtre en polypropyl\u00e8ne press\u00e9\u00a0de 5 \u03bcm, 10&#8243;<\/li>\n<li>Cartouche de charbon actif granul\u00e9 GAC, 10&#8243;<\/li>\n<li>Cartouche de charbon BLOC, 10&#8243;<\/li>\n<li>Membrane Green Filter 50 GPD<\/li>\n<li>Cartouche en ligne remin\u00e9ralisante\u00a02&#8243; x 10&#8243;<\/li>\n<\/ul>\n<p>Osmose inverse Fontana avec pompe + R\u00e9servoir 12L<\/p>\n<ul>\n<li>Dimensions du filtre : 40,7cm x 23cm x 37 cm<\/li>\n<li>Poids du filtre : 13kg<\/li>\n<li>Dimensions de l&#8217;emballage\u00a0du filtre : 43cm x 66,5cm x 31cm<\/li>\n<li>Poids de l&#8217;emballage du filtre : 15kg<\/li>\n<li>Dimensions de l&#8217;emballage\u00a0du r\u00e9servoir : 34cm x 24,5cm<\/li>\n<\/ul>\n<p><a href=\"https:\/\/water.ma\/produit\/fontana-osmoseur-inverse-maison-avec-pompe-16l\/\">Le filtre Fontana avec pompe existe aussi avec un r\u00e9servoir 16L<\/a>[\/vc_column_text][\/vc_column][\/vc_row]<\/p>\n<\/div>","protected":false},"excerpt":{"rendered":"<p>[vc_row equal_height=&#8221;yes&#8221; content_placement=&#8221;middle&#8221; columns_height=&#8221;adjust_cols_height&#8221; css=&#8221;.vc_custom_1547388496043{background-position: center !important;background-repeat: no-repeat !important;background-size: cover !important;}&#8221; background_style=&#8221;normal&#8221;][vc_column css=&#8221;.vc_custom_1547388610325{padding-right: 8% !important;padding-left: 8% !important;background-color: #0054a0 !important;}&#8221; font_color=&#8221;#ffffff&#8221;][vc_column_text css=&#8221;.vc_custom_1546949006810{padding-top: 5% !important;padding-bottom: 5% !important;}&#8221;] L\u2019eau de votre robinet comme vous ne l\u2019avez jamais bue avec le syst\u00e8me d&#8217;osmose inverse Fontana PUMP [\/vc_column_text][\/vc_column][\/vc_row][vc_row equal_height=&#8221;yes&#8221; content_placement=&#8221;middle&#8221; css=&#8221;.vc_custom_1455539610516{padding-right: 10% !important;padding-left: 10% !important;background-color: #f7f7f9 !important;}&#8221; background_style=&#8221;normal&#8221;][vc_column][vc_row_inner equal_height=&#8221;yes&#8221; content_placement=&#8221;middle&#8221;][vc_column_inner&hellip;<\/p>\n","protected":false},"featured_media":0,"comment_status":"closed","ping_status":"closed","template":"","meta":[],"product_cat":[15],"product_tag":[],"class_list":{"0":"post-3977","1":"product","2":"type-product","3":"status-publish","5":"product_cat-uncategorized","7":"first","8":"instock","9":"shipping-taxable","10":"purchasable","11":"product-type-simple"},"_links":{"self":[{"href":"https:\/\/water.ma\/en\/wp-json\/wp\/v2\/product\/3977"}],"collection":[{"href":"https:\/\/water.ma\/en\/wp-json\/wp\/v2\/product"}],"about":[{"href":"https:\/\/water.ma\/en\/wp-json\/wp\/v2\/types\/product"}],"replies":[{"embeddable":true,"href":"https:\/\/water.ma\/en\/wp-json\/wp\/v2\/comments?post=3977"}],"version-history":[{"count":0,"href":"https:\/\/water.ma\/en\/wp-json\/wp\/v2\/product\/3977\/revisions"}],"wp:attachment":[{"href":"https:\/\/water.ma\/en\/wp-json\/wp\/v2\/media?parent=3977"}],"wp:term":[{"taxonomy":"product_cat","embeddable":true,"href":"https:\/\/water.ma\/en\/wp-json\/wp\/v2\/product_cat?post=3977"},{"taxonomy":"product_tag","embeddable":true,"href":"https:\/\/water.ma\/en\/wp-json\/wp\/v2\/product_tag?post=3977"}],"curies":[{"name":"wp","href":"https:\/\/api.w.org\/{rel}","templated":true}]}}